{"id":335,"date":"2015-09-05T18:41:24","date_gmt":"2015-09-05T16:41:24","guid":{"rendered":"http:\/\/verlagsgeschichte.murrayhall.com\/?page_id=335"},"modified":"2015-11-09T08:29:41","modified_gmt":"2015-11-09T06:29:41","slug":"jung-oesterreich-verlag","status":"publish","type":"page","link":"http:\/\/verlagsgeschichte.murrayhall.com\/?page_id=335","title":{"rendered":"Jung-\u00d6sterreich-Verlag"},"content":{"rendered":"<h3>Jung-\u00d6sterreich-Verlag (Wien)<\/h3>\n<h6><\/h6>\n<p>\u00dcber diesen Kleinstverlag, der 1919-1920 bestanden haben mu\u00df, konnte nichts in Erfahrung gebracht werden. Die Existenz dieses Verlags mit Sitz in Wien ist lediglich durch zwei nachgewiesene Publikationen belegt. 1919 erschienen Gedichte unter dem Titel <em>Am Wege <\/em>von H. B\u00f6hm und 1920 ohne Verfassernamen <em>Briefe des Octavius <\/em>in der Buchdruckerei Bruno Bartelt in Wien 18.<\/p>\n","protected":false},"excerpt":{"rendered":"<p>Jung-\u00d6sterreich-Verlag (Wien) \u00dcber diesen Kleinstverlag, der 1919-1920 bestanden haben mu\u00df, konnte nichts in Erfahrung gebracht werden. Die Existenz dieses Verlags mit Sitz in Wien ist lediglich durch zwei nachgewiesene Publikationen belegt. 1919 erschienen Gedichte unter dem Titel Am Wege von H. B\u00f6hm und 1920 ohne Verfassernamen Briefe des Octavius in\u2026<\/p>\n<p> <a class=\"continue-reading-link\" href=\"http:\/\/verlagsgeschichte.murrayhall.com\/?page_id=335\"><span>Continue reading<\/span><i class=\"crycon-right-dir\"><\/i><\/a> <\/p>\n","protected":false},"author":2,"featured_media":0,"parent":149,"menu_order":0,"comment_status":"closed","ping_status":"closed","template":"","meta":{"footnotes":""},"class_list":["post-335","page","type-page","status-publish","hentry"],"_links":{"self":[{"href":"http:\/\/verlagsgeschichte.murrayhall.com\/index.php?rest_route=\/wp\/v2\/pages\/335","targetHints":{"allow":["GET"]}}],"collection":[{"href":"http:\/\/verlagsgeschichte.murrayhall.com\/index.php?rest_route=\/wp\/v2\/pages"}],"about":[{"href":"http:\/\/verlagsgeschichte.murrayhall.com\/index.php?rest_route=\/wp\/v2\/types\/page"}],"author":[{"embeddable":true,"href":"http:\/\/verlagsgeschichte.murrayhall.com\/index.php?rest_route=\/wp\/v2\/users\/2"}],"replies":[{"embeddable":true,"href":"http:\/\/verlagsgeschichte.murrayhall.com\/index.php?rest_route=%2Fwp%2Fv2%2Fcomments&post=335"}],"version-history":[{"count":2,"href":"http:\/\/verlagsgeschichte.murrayhall.com\/index.php?rest_route=\/wp\/v2\/pages\/335\/revisions"}],"predecessor-version":[{"id":1215,"href":"http:\/\/verlagsgeschichte.murrayhall.com\/index.php?rest_route=\/wp\/v2\/pages\/335\/revisions\/1215"}],"up":[{"embeddable":true,"href":"http:\/\/verlagsgeschichte.murrayhall.com\/index.php?rest_route=\/wp\/v2\/pages\/149"}],"wp:attachment":[{"href":"http:\/\/verlagsgeschichte.murrayhall.com\/index.php?rest_route=%2Fwp%2Fv2%2Fmedia&parent=335"}],"curies":[{"name":"wp","href":"https:\/\/api.w.org\/{rel}","templated":true}]}}