{"id":389,"date":"2015-09-06T09:31:12","date_gmt":"2015-09-06T07:31:12","guid":{"rendered":"http:\/\/verlagsgeschichte.murrayhall.com\/?page_id=389"},"modified":"2016-08-15T19:19:10","modified_gmt":"2016-08-15T17:19:10","slug":"wilhelm-mueller-verlag","status":"publish","type":"page","link":"http:\/\/verlagsgeschichte.murrayhall.com\/?page_id=389","title":{"rendered":"Wilhelm M\u00fcller Verlag"},"content":{"rendered":"<h3>Wilhelm M\u00fcller Verlag (Wien)<span style=\"font-size: 0.7em; vertical-align: top;\"><a href=\"#_ftn1\" name=\"_ftnref1\">[1]<\/a><\/span><\/h3>\n<h6><\/h6>\n<p><a href=\"http:\/\/verlagsgeschichte.murrayhall.com\/wp-content\/uploads\/2015\/09\/Wilhelm-M\u00fcller.jpg\"><img loading=\"lazy\" decoding=\"async\" class=\"alignleft wp-image-1398\" src=\"http:\/\/verlagsgeschichte.murrayhall.com\/wp-content\/uploads\/2015\/09\/Wilhelm-M\u00fcller.jpg\" alt=\"Wilhelm M\u00fcller Signet\" width=\"200\" height=\"186\" srcset=\"http:\/\/verlagsgeschichte.murrayhall.com\/wp-content\/uploads\/2015\/09\/Wilhelm-M\u00fcller.jpg 345w, http:\/\/verlagsgeschichte.murrayhall.com\/wp-content\/uploads\/2015\/09\/Wilhelm-M\u00fcller-300x279.jpg 300w, http:\/\/verlagsgeschichte.murrayhall.com\/wp-content\/uploads\/2015\/09\/Wilhelm-M\u00fcller-161x150.jpg 161w, http:\/\/verlagsgeschichte.murrayhall.com\/wp-content\/uploads\/2015\/09\/Wilhelm-M\u00fcller-150x140.jpg 150w\" sizes=\"auto, (max-width: 200px) 100vw, 200px\" \/><\/a>Dieser vergleichsweise unbedeutende Buch- und Kunstverlaghandel bzw. &#8222;Auch-Verlag&#8220; mit Sitz in Wien 7., Stiftgasse 15-17 wurde am 1. Mai 1919 durch den Verlagsbuchh\u00e4ndler Wilhelm M\u00fcller gegr\u00fcndet. Die Firma wurde am 11.5.1920 unter Reg. A, Band 49, pagina 6 ins Wiener Handelsregister eingetragen. Als der Alleininhaber Wilhelm M\u00fcller am 20.9.1924 nach drei\u00dfig Jahren T\u00e4tigkeit im Buchhandel an einem Herzschlag starb,<a href=\"#_ftn2\" name=\"_ftnref2\"><span class=\"Reference\">[2]<\/span><\/a> ging die Firma an dessen S\u00f6hne Paul und Ernst \u00fcber, die beginnend mit 1.1.1925 unter der gleichen Firma eine OHG betrieben.<\/p>\n<p>Als Verlag trat die Firma nur sehr sporadisch, und das offensichtlich nur in der ersten H\u00e4lfte der 20er Jahre in Erscheinung. Von einer richtigen Produktion kann nur sehr bedingt die Rede sein. Wilhelm M\u00fcller war z.B. als Kommissionsverlag t\u00e4tig, verlegte 1920 die <em>Ver\u00f6ffentlichungen des Vereins &#8222;Die Bereitschaft&#8220; in Wien. <\/em>Verlags\u00fcbernahmen und eigene Produktion hielten sich einigerma\u00dfen die Waage. Erschienen sind eine Reihe von Gesundheitsb\u00fcchern sowie Werke von Ernst Groag, Emmy Klein und Leo Pierre, dem Pr\u00e4sidenten des Allgemeinen Schriftstellervereins &#8222;Die Feder&#8220; (u.a. <em>Ein Ku\u00df kommt nie allein. Eine \u00fcberzeugende Kom\u00f6die, <\/em>1920). Zu den wenigen Originalverlagswerken z\u00e4hlte eine fr\u00fche Buchver\u00f6ffentlichung von Hugo Bettauer, n\u00e4mlich der Roman <em>Hemmungslos. <\/em>So hei\u00dft es in einer Anzeige der <em>Buchh\u00e4ndler-Correspondenz:<\/em><\/p>\n<p class=\"zitat\">In den n\u00e4chsten Tagen erscheint in meinem Verlage der sensationellste Kriminalroman der Gegenwart von dem amerikanischen Journalisten Hugo Bettauer<\/p>\n<p class=\"zitat\">HEMMUNGSLOS<\/p>\n<p class=\"zitat\">Kriminalroman aus der j\u00fcngsten Zeit. Mit farbiger Umschlagzeichnung von Toni Koller.<a href=\"#_ftn3\" name=\"_ftnref3\"><span class=\"Reference\">[3]<\/span><\/a><\/p>\n<p>Bettauer darf deshalb als &#8222;amerikanischer Journalist&#8220; gelten, weil er die US-Staatsb\u00fcrgerschaft angenommen hatte. Dieses Buch war als erster Band von <em>M\u00fcller&#8220;s Roman-Serie <\/em>angezeigt. Weitere B\u00e4nde sind nicht nachgewiesen. 1923 erschien der Roman <em>Dorle &#8230; Deutsche Frauenliebe <\/em>von Hans Thalhammer.<\/p>\n<p>Bis 1938-39 war die Firma Wilhelm M\u00fcller in anderen Sparten t\u00e4tig, so etwa als Gro\u00dfbuchhandlung f\u00fcr Lebensreform-Literatur, s\u00e4mtliche Schulb\u00fccher, Buchhandlung und Antiquariat, Moderne Leihbibliothek (in der Siebensterngasse 13). Auf Grund eines Runderlasses der RKK wurde die gesch\u00e4ftliche T\u00e4tigkeit am 30.9.1938 eingestellt. Die handelsgerichtliche L\u00f6schung erfolgte erst mehr als ein Jahr sp\u00e4ter. Der Alleininhaber Paul M\u00fcller meldete sich am 14.2.1939 nach New York ab, die L\u00f6schung erfolgte am 13.11.1939.<\/p>\n<h3><a class=\"none\" name=\"Heading1\"><\/a> Anmerkungen<\/h3>\n<p class=\"Note\"><a href=\"#_ftnref1\" target=\"text\" name=\"_ftn1\">[1]<\/a> Quellenhinweis: Handelsgericht Wien. Registerakt Reg. A, 49, 6 (WrStLa).<\/p>\n<p class=\"Note\"><a href=\"#_ftnref2\" target=\"text\" name=\"_ftn2\">[2]<\/a> <em>Anzeiger, <\/em>Nr. 39, 26.9.1924, S. 446.<\/p>\n<p class=\"Note\"><a href=\"#_ftnref3\" target=\"text\" name=\"_ftn3\">[3]<\/a> <em>BC, <\/em>Nr. 20-22, 2.6.1920, S. 252.<\/p>\n","protected":false},"excerpt":{"rendered":"<p>Wilhelm M\u00fcller Verlag (Wien)[1] Dieser vergleichsweise unbedeutende Buch- und Kunstverlaghandel bzw. &#8222;Auch-Verlag&#8220; mit Sitz in Wien 7., Stiftgasse 15-17 wurde am 1. Mai 1919 durch den Verlagsbuchh\u00e4ndler Wilhelm M\u00fcller gegr\u00fcndet. Die Firma wurde am 11.5.1920 unter Reg. A, Band 49, pagina 6 ins Wiener Handelsregister eingetragen. Als der Alleininhaber Wilhelm\u2026<\/p>\n<p> <a class=\"continue-reading-link\" href=\"http:\/\/verlagsgeschichte.murrayhall.com\/?page_id=389\"><span>Continue reading<\/span><i class=\"crycon-right-dir\"><\/i><\/a> <\/p>\n","protected":false},"author":2,"featured_media":0,"parent":149,"menu_order":0,"comment_status":"closed","ping_status":"closed","template":"","meta":{"footnotes":""},"class_list":["post-389","page","type-page","status-publish","hentry"],"_links":{"self":[{"href":"http:\/\/verlagsgeschichte.murrayhall.com\/index.php?rest_route=\/wp\/v2\/pages\/389","targetHints":{"allow":["GET"]}}],"collection":[{"href":"http:\/\/verlagsgeschichte.murrayhall.com\/index.php?rest_route=\/wp\/v2\/pages"}],"about":[{"href":"http:\/\/verlagsgeschichte.murrayhall.com\/index.php?rest_route=\/wp\/v2\/types\/page"}],"author":[{"embeddable":true,"href":"http:\/\/verlagsgeschichte.murrayhall.com\/index.php?rest_route=\/wp\/v2\/users\/2"}],"replies":[{"embeddable":true,"href":"http:\/\/verlagsgeschichte.murrayhall.com\/index.php?rest_route=%2Fwp%2Fv2%2Fcomments&post=389"}],"version-history":[{"count":6,"href":"http:\/\/verlagsgeschichte.murrayhall.com\/index.php?rest_route=\/wp\/v2\/pages\/389\/revisions"}],"predecessor-version":[{"id":2548,"href":"http:\/\/verlagsgeschichte.murrayhall.com\/index.php?rest_route=\/wp\/v2\/pages\/389\/revisions\/2548"}],"up":[{"embeddable":true,"href":"http:\/\/verlagsgeschichte.murrayhall.com\/index.php?rest_route=\/wp\/v2\/pages\/149"}],"wp:attachment":[{"href":"http:\/\/verlagsgeschichte.murrayhall.com\/index.php?rest_route=%2Fwp%2Fv2%2Fmedia&parent=389"}],"curies":[{"name":"wp","href":"https:\/\/api.w.org\/{rel}","templated":true}]}}