{"id":402,"date":"2015-09-06T19:17:04","date_gmt":"2015-09-06T17:17:04","guid":{"rendered":"http:\/\/verlagsgeschichte.murrayhall.com\/?page_id=402"},"modified":"2015-11-21T17:48:46","modified_gmt":"2015-11-21T15:48:46","slug":"nestroy-verlag","status":"publish","type":"page","link":"http:\/\/verlagsgeschichte.murrayhall.com\/?page_id=402","title":{"rendered":"Nestroy-Verlag"},"content":{"rendered":"<h3>Nestroy-Verlag (Wien)<\/h3>\n<h6><\/h6>\n<p><a href=\"http:\/\/verlagsgeschichte.murrayhall.com\/wp-content\/uploads\/2015\/09\/Nestroy-Verlag.jpg\"><img loading=\"lazy\" decoding=\"async\" class=\"alignleft wp-image-1407\" src=\"http:\/\/verlagsgeschichte.murrayhall.com\/wp-content\/uploads\/2015\/09\/Nestroy-Verlag.jpg\" alt=\"Nestroy Verlag\" width=\"170\" height=\"173\" srcset=\"http:\/\/verlagsgeschichte.murrayhall.com\/wp-content\/uploads\/2015\/09\/Nestroy-Verlag.jpg 624w, http:\/\/verlagsgeschichte.murrayhall.com\/wp-content\/uploads\/2015\/09\/Nestroy-Verlag-294x300.jpg 294w, http:\/\/verlagsgeschichte.murrayhall.com\/wp-content\/uploads\/2015\/09\/Nestroy-Verlag-147x150.jpg 147w\" sizes=\"auto, (max-width: 170px) 100vw, 170px\" \/><\/a>Der Nestroy-Verlag, der nicht handelsgerichtlich protokolliert war, wurde am 1. August 1919 von Erwin Engel gegr\u00fcndet. Engel war Gesellschafter der Firma R. L\u00f6wit und neben Dr. Mayer Pr\u00e4ger Besitzer der 1878 gegr\u00fcndeten Firma A. Mejstrik&#8220;s Buch-, Kunst- und Musikalienhandel und Antiquariat in Wien. Sitz beider Firmen war Wien 1., Wollzeile 6-8.<\/p>\n<p>Spezialgebiet des Verlags bildete eine Serie von Humoristika, kleine Hefte mit Vortrags- und Variet\u00e9schlagern. Zur Humoristika-Serie hei\u00dft es 1920 in einer Verlagsanzeige:<\/p>\n<p class=\"zitat\">Unsere Humoristika-B\u00e4ndchen enthalten die &#8222;Vortragsschlager&#8220; in Poesie und Prosa. Sie bedeuten nicht nur inhaltlich den H\u00f6hepunkt humoristischer Kleinkunst, sondern bilden auch ihrer gl\u00e4nzenden Aufmachung wegen &#8211; mehrfarbige Umschl\u00e4ge erster K\u00fcnstler wie Carl Josef, [Franz] Wacik, [Alfred] Gerstenbrand, Otto Dura, Poledne usw. &#8211; einen Schaufensterartikel ersten Ranges. &#8211; Der billige Ladenpreis von K 3.- pro B\u00e4ndchen und unsere vorteilhaften Bezugsbedingungen sichern auch der kleinsten Handlung Massenabsatz.<a href=\"#_ftn1\" name=\"_ftnref1\"><span class=\"Reference\">[1]<\/span><\/a><\/p>\n<p>Im Verlagsprogramm vertreten waren die beliebtesten Kabarettisten und Humoristen Wiens: Beda [Fritz L\u00f6hner-Beda] <em>Israeliten und andere Antisemiten; Getaufte und Baldgetaufte; Die Muse im Neglig\u00e9; Frivoltun tr\u00e4gt Zinsen, <\/em>Ralph Benatzky <em>(Die entz\u00fcckende Frau und ich), <\/em>Armin Berg <em>(Zum Zerspringen), <\/em>Blum <em>(Grimassen aus der Judengassen), <\/em>Fritz Gr\u00fcnbaum <em>(Nieder mit mir!; Ohrfeigen!; Von an-, un- und ausgezogenen Damen, <\/em>19192, Rudolf St\u00fcrzer, Homunkulus (d.i. Robert Weil; <em>Schulaufs\u00e4tze des Poldi Huber; Wallensteins Lager <\/em>usw.), Alexander Max Vallas, Peter Wind.<a href=\"#_ftn2\" name=\"_ftnref2\"><span class=\"Reference\">[2]<\/span><\/a><\/p>\n<p>Durch sein Nahverh\u00e4ltnis zur Firma R. L\u00f6wit kann der Nestroy-Verlag praktisch als eine Gr\u00fcndung dieser angesehen werden. Der Verlag, dessen Signet das Bildnis Johann Nestroys darstellt, d\u00fcrfte den Betrieb sp\u00e4testens 1926\/27 eingestellt haben.<\/p>\n<h3><a class=\"none\" name=\"Heading1\"><\/a> Anmerkungen<\/h3>\n<p class=\"Note\"><a href=\"#_ftnref1\" target=\"text\" name=\"_ftn1\">[1]<\/a> <em>BC<\/em>, Nr. 14 u. 15, 14.4.1920, S. 185. In der <em>BC<\/em> konnten \u00fcberhaupt nur zwei Verlagsanzeigen des Nestroy-Verlags gefunden werden. Die zweite: <em>Anzeiger<\/em>, Jg. 1922-23, Nr. 45, 14.9.1923, S. 434. Da der Nestroy-Verlag keinen belletristischen Verlag im engeren Sinn darstellt, wurde nicht versucht, die ganze Produktion zu ermitteln.<\/p>\n<p class=\"Note\"><a href=\"#_ftnref2\" target=\"text\" name=\"_ftn2\">[2]<\/a> Das DBV verzeichnet von diesem Heft bereits das 11.-15. Tsd. Manche der erw\u00e4hnten Werke tragen das Impressum R. L\u00f6wit Verlag Wien. Siehe u.a.: Kleinkunst. Der leise Weise. [Zum 100. Geburtstag Fritz Gr\u00fcnbaums] In: <em>profil, <\/em>Nr. 171, 21.4.1980, S. 70-71.<\/p>\n","protected":false},"excerpt":{"rendered":"<p>Nestroy-Verlag (Wien) Der Nestroy-Verlag, der nicht handelsgerichtlich protokolliert war, wurde am 1. August 1919 von Erwin Engel gegr\u00fcndet. Engel war Gesellschafter der Firma R. L\u00f6wit und neben Dr. Mayer Pr\u00e4ger Besitzer der 1878 gegr\u00fcndeten Firma A. Mejstrik&#8220;s Buch-, Kunst- und Musikalienhandel und Antiquariat in Wien. Sitz beider Firmen war Wien\u2026<\/p>\n<p> <a class=\"continue-reading-link\" href=\"http:\/\/verlagsgeschichte.murrayhall.com\/?page_id=402\"><span>Continue reading<\/span><i class=\"crycon-right-dir\"><\/i><\/a> <\/p>\n","protected":false},"author":2,"featured_media":0,"parent":149,"menu_order":0,"comment_status":"closed","ping_status":"closed","template":"","meta":{"footnotes":""},"class_list":["post-402","page","type-page","status-publish","hentry"],"_links":{"self":[{"href":"http:\/\/verlagsgeschichte.murrayhall.com\/index.php?rest_route=\/wp\/v2\/pages\/402","targetHints":{"allow":["GET"]}}],"collection":[{"href":"http:\/\/verlagsgeschichte.murrayhall.com\/index.php?rest_route=\/wp\/v2\/pages"}],"about":[{"href":"http:\/\/verlagsgeschichte.murrayhall.com\/index.php?rest_route=\/wp\/v2\/types\/page"}],"author":[{"embeddable":true,"href":"http:\/\/verlagsgeschichte.murrayhall.com\/index.php?rest_route=\/wp\/v2\/users\/2"}],"replies":[{"embeddable":true,"href":"http:\/\/verlagsgeschichte.murrayhall.com\/index.php?rest_route=%2Fwp%2Fv2%2Fcomments&post=402"}],"version-history":[{"count":3,"href":"http:\/\/verlagsgeschichte.murrayhall.com\/index.php?rest_route=\/wp\/v2\/pages\/402\/revisions"}],"predecessor-version":[{"id":1409,"href":"http:\/\/verlagsgeschichte.murrayhall.com\/index.php?rest_route=\/wp\/v2\/pages\/402\/revisions\/1409"}],"up":[{"embeddable":true,"href":"http:\/\/verlagsgeschichte.murrayhall.com\/index.php?rest_route=\/wp\/v2\/pages\/149"}],"wp:attachment":[{"href":"http:\/\/verlagsgeschichte.murrayhall.com\/index.php?rest_route=%2Fwp%2Fv2%2Fmedia&parent=402"}],"curies":[{"name":"wp","href":"https:\/\/api.w.org\/{rel}","templated":true}]}}