{"id":571,"date":"2015-09-11T20:16:26","date_gmt":"2015-09-11T18:16:26","guid":{"rendered":"http:\/\/verlagsgeschichte.murrayhall.com\/?page_id=571"},"modified":"2017-10-30T19:59:01","modified_gmt":"2017-10-30T17:59:01","slug":"571-2","status":"publish","type":"page","link":"http:\/\/verlagsgeschichte.murrayhall.com\/?page_id=571","title":{"rendered":"Leo Schidrowitz Verlag"},"content":{"rendered":"<h3>Leo Schidrowitz Verlag (Wien)<\/h3>\n<h6><\/h6>\n<ul class=\"overview\">\n<li class=\"overview\"><a class=\"none\" href=\"#prod\" target=\"_self\">Produktion<\/a><\/li>\n<li class=\"overview\"><a href=\"#anm\">Anmerkungen<\/a><\/li>\n<li class=\"overview\"><a href=\"#erg1\">Erg\u00e4nzungen zur Buchver\u00f6ffentlichung von 1985: Illustrationen<\/a><\/li>\n<\/ul>\n<p><a href=\"http:\/\/verlagsgeschichte.murrayhall.com\/wp-content\/uploads\/2015\/09\/Leo-Schidrowitz-Verlag.jpg\"><img loading=\"lazy\" decoding=\"async\" class=\"alignleft wp-image-573\" src=\"http:\/\/verlagsgeschichte.murrayhall.com\/wp-content\/uploads\/2015\/09\/Leo-Schidrowitz-Verlag-214x300.jpg\" alt=\"Leo Schidrowitz Verlag\" width=\"110\" height=\"155\" srcset=\"http:\/\/verlagsgeschichte.murrayhall.com\/wp-content\/uploads\/2015\/09\/Leo-Schidrowitz-Verlag-214x300.jpg 214w, http:\/\/verlagsgeschichte.murrayhall.com\/wp-content\/uploads\/2015\/09\/Leo-Schidrowitz-Verlag-107x150.jpg 107w, http:\/\/verlagsgeschichte.murrayhall.com\/wp-content\/uploads\/2015\/09\/Leo-Schidrowitz-Verlag.jpg 467w\" sizes=\"auto, (max-width: 110px) 100vw, 110px\" \/><\/a><a id=\"prod\"><\/a>Der Leo Schidrowitz Verlag war ein nichtprotokollierter Ein-Mann- bzw. Individualverlag, wurde 1924 begonnen und diente eigentlich nur der Publikation der Schriften des Inhabers und Gr\u00fcnders Leo Schidrowitz (20. 3.1894, Wien-6.11.1956, ebda.).<a href=\"#_ftn1\" name=\"_ftnref1\"><span class=\"Reference\">[1]<\/span><\/a> 1924\/25 sind insgesamt drei Werke erschienen, und zwei davon sind B\u00e4nde in der Reihe <em>Der couriosen B\u00fccherei:<\/em> unter dem Titel <em>Der lasterhafte Herr Biedermeyer<\/em><a href=\"#_ftn2\" name=\"_ftnref2\"><span class=\"Reference\">[2]<\/span><\/a> verlegte Schidrowitz eine Auswahl &#8222;all jener ,verf\u00fchrerischen&#8220; und ,woll\u00fcstigen&#8220; Gedichte (&#8230;), an denen Herr Biedermeyer sich einst heimlich erbaut, die dem Stil und der Zeit eigent\u00fcmlich waren und dabei ihren am\u00fcsierlichen und lebendigen Anreiz unge\u00e4ndert auch auf den heutigen Leser \u00fcben&#8220; (Eigenwerbung). Das Buch mit Gedichten aus den Jahren 1800-1850 erschien im Fr\u00fchjahr 1925 in einer einmaligen, numerierten Ausgabe, die nur f\u00fcr die vor Erscheinen angemeldeten Subskribenten hergestellt wurde. Den Buchschmuck besorgte Ehegattin Martha von Schidrowitz-Wagner, Schwester der Schauspielerin Erika Wagner. Die ersten f\u00fcnf Exemplare wurden mit der Hand in Leder gebunden, auf Hadernpapier gedruckt und enthielten die von Martha von Wagner-Schidrowitz geschnittenen Original-Silhouetten, nach denen der Schmuck f\u00fcr die anderen Ausgaben hergestellt wurde. Die Nummern 6-100 wurden in Halbleder gebunden. Alle B\u00e4nde wurden in der Kunst-druckerei Frisch &amp; Co. hergestellt.<\/p>\n<p>Die zweite und letzte Erscheinung <em>Der couriosen B\u00fccherei<\/em> trug den Titel <em>Der unbegabte Goethe. Die Anti-Goethe-Kritik aus der Goethe-Zeit<\/em> und erschien ebenfalls in bibliophiler Aufmachung.<\/p>\n<p>Im Jahre 1924 ging Leo Schidrowitz daran, das Memoirenwerk eines Irrenhauspatienten zu bearbeiten und nachzuerz\u00e4hlen. Das Resultat waren Aufzeichnungen, die unter dem Titel <em>Berichte aus dem Irrenhaus<\/em> in einer Auflage von 5.000 St\u00fcck erschienen. Der mehrfarbige realistische Umschlagentwurf stammt vom Maler Franz Plachy.<a href=\"#_ftn3\" name=\"_ftnref3\"><span class=\"Reference\">[3]<\/span><\/a><\/p>\n<p>\u00dcber diesen Eigenverlag hei\u00dft es auf Grund eines Interviews 1969 mit der Witwe von Leo Schidrowitz:<\/p>\n<p class=\"zitat\">Alles ging gut beim Verlag Schidrowitz, manche B\u00fccher wurden ein sch\u00f6ner Erfolg, unter anderem <em>Der lasterhafte Herr Biedermeyer<\/em> und <em>Der unbegabte Goethe<\/em>, diese am\u00fcsante Kritik aus der Goethe-Zeit. Es war ein interessantes, t\u00e4tiges Leben, und man steckte voll von Pl\u00e4nen.<a href=\"#_ftn4\" name=\"_ftnref4\"><span class=\"Reference\">[4]<\/span><\/a><\/p>\n<p>Wenige Jahre nach diesem Versuch mit einem Selbstverlag, war Leo Schidrowitz bereits als Gesch\u00e4ftsf\u00fchrer beim neugegr\u00fcndeten Verlag f\u00fcr Kulturforschung Amonesta &amp; Co., wo er eine vielbeachtete Sit-tengeschichtereihe publizierte und betreute.<\/p>\n<p>Das Verlagssignet bildet die ineinanderverschlungenen stilisierten Buchstaben L S V.<\/p>\n<h3><a id=\"anm\"><\/a>\u00a0Anmerkungen<\/h3>\n<p class=\"Note\"><a href=\"#_ftnref1\" name=\"_ftn1\">[1]<\/a>Zur Biographie Leo Schidrowitz&#8220; siehe u.a. MARCELL KLANG (Hg.), Die geistige Elite \u00d6sterreichs. Wien 1936, S. 792 f.<\/p>\n<p class=\"Note\"><a href=\"#_ftnref2\" name=\"_ftn2\">[2]<\/a> Der volle Titel lautet: DER LASTERHAFTE HERR BIEDERMEYER. Woll\u00fcstige T\u00e4ndeleyen\/unziemliche Reimereyen von heimlichen Buhlschaften\/verf\u00fchrerische Lo-ckungen und Lobpreisungen sittlosen Gebarens\/daran die Herrn Gro\u00dfv\u00e4ter sich einst heimlicherma\u00dfen erbauet haben.<\/p>\n<p class=\"Note\"><a href=\"#_ftnref3\" name=\"_ftn3\">[3]<\/a> Der volle Titel lautet: BERICHTE AUS DEM IRRENHAUS. Aufzeichnungen eines durch drei\u00dfig Jahre im Wiener Irrenhaus Internierten \u00fcber das Schicksal und den Auf-enthalt interessanter Anstalts-Insassen. Unter Zugrundelegung von W\u00e4rter-Aussagen, \u00e4rztlichen Feststellungen, Schilderungen von Mitpatienten und pers\u00f6nlichen \u00c4u\u00dferun-gen, sowie schriftlichen Zeugnissen der behandelten Personen. (Die Bearbeitung und Nacherz\u00e4hlung des Memoirenwerkes des Irrenhauspatienten R.A. erfolgte durch Leo Schidrowitz.)<\/p>\n<p class=\"Note\"><a href=\"#_ftnref4\" name=\"_ftn4\">[4]<\/a> Die Presse (Wien), 1.\/2. M\u00e4rz 1969, S. VI.<\/p>\n<h6 class=\"Note\"><\/h6>\n<h3 class=\"Note\"><a id=\"erg1\"><\/a>Erg\u00e4nzungen zur Buchver\u00f6ffentlichung von 1985: Illustrationen<\/h3>\n\n\t\t<style type=\"text\/css\">\n\t\t\t#gallery-2 {\n\t\t\t\tmargin: auto;\n\t\t\t}\n\t\t\t#gallery-2 .gallery-item {\n\t\t\t\tfloat: left;\n\t\t\t\tmargin-top: 10px;\n\t\t\t\ttext-align: center;\n\t\t\t\twidth: 33%;\n\t\t\t}\n\t\t\t#gallery-2 img {\n\t\t\t\tborder: 2px solid #cfcfcf;\n\t\t\t}\n\t\t\t#gallery-2 .gallery-caption {\n\t\t\t\tmargin-left: 0;\n\t\t\t}\n\t\t\t\/* see gallery_shortcode() in wp-includes\/media.php *\/\n\t\t<\/style>\n\t\t<div id='gallery-2' class='gallery galleryid-571 gallery-columns-3 gallery-size-medium'><dl class='gallery-item'>\n\t\t\t<dt class='gallery-icon landscape'>\n\t\t\t\t<a href='http:\/\/verlagsgeschichte.murrayhall.com\/?attachment_id=2592'><img loading=\"lazy\" decoding=\"async\" width=\"250\" height=\"167\" src=\"http:\/\/verlagsgeschichte.murrayhall.com\/wp-content\/uploads\/2015\/09\/Schidrowitz-Volkslied-250x167.jpg\" class=\"attachment-medium size-medium\" alt=\"\" srcset=\"http:\/\/verlagsgeschichte.murrayhall.com\/wp-content\/uploads\/2015\/09\/Schidrowitz-Volkslied-250x167.jpg 250w, http:\/\/verlagsgeschichte.murrayhall.com\/wp-content\/uploads\/2015\/09\/Schidrowitz-Volkslied-300x200.jpg 300w, http:\/\/verlagsgeschichte.murrayhall.com\/wp-content\/uploads\/2015\/09\/Schidrowitz-Volkslied-225x150.jpg 225w, http:\/\/verlagsgeschichte.murrayhall.com\/wp-content\/uploads\/2015\/09\/Schidrowitz-Volkslied-150x100.jpg 150w, http:\/\/verlagsgeschichte.murrayhall.com\/wp-content\/uploads\/2015\/09\/Schidrowitz-Volkslied.jpg 1280w\" sizes=\"auto, (max-width: 250px) 100vw, 250px\" \/><\/a>\n\t\t\t<\/dt><\/dl><dl class='gallery-item'>\n\t\t\t<dt class='gallery-icon portrait'>\n\t\t\t\t<a href='http:\/\/verlagsgeschichte.murrayhall.com\/?attachment_id=2593'><img loading=\"lazy\" decoding=\"async\" width=\"181\" height=\"250\" src=\"http:\/\/verlagsgeschichte.murrayhall.com\/wp-content\/uploads\/2015\/09\/Schidrowitz-Goethe-181x250.jpg\" class=\"attachment-medium size-medium\" alt=\"\" srcset=\"http:\/\/verlagsgeschichte.murrayhall.com\/wp-content\/uploads\/2015\/09\/Schidrowitz-Goethe-181x250.jpg 181w, http:\/\/verlagsgeschichte.murrayhall.com\/wp-content\/uploads\/2015\/09\/Schidrowitz-Goethe-218x300.jpg 218w, http:\/\/verlagsgeschichte.murrayhall.com\/wp-content\/uploads\/2015\/09\/Schidrowitz-Goethe-109x150.jpg 109w, http:\/\/verlagsgeschichte.murrayhall.com\/wp-content\/uploads\/2015\/09\/Schidrowitz-Goethe.jpg 743w\" sizes=\"auto, (max-width: 181px) 100vw, 181px\" \/><\/a>\n\t\t\t<\/dt><\/dl>\n\t\t\t<br style='clear: both' \/>\n\t\t<\/div>\n\n","protected":false},"excerpt":{"rendered":"<p>Leo Schidrowitz Verlag (Wien) Produktion Anmerkungen Erg\u00e4nzungen zur Buchver\u00f6ffentlichung von 1985: Illustrationen Der Leo Schidrowitz Verlag war ein nichtprotokollierter Ein-Mann- bzw. Individualverlag, wurde 1924 begonnen und diente eigentlich nur der Publikation der Schriften des Inhabers und Gr\u00fcnders Leo Schidrowitz (20. 3.1894, Wien-6.11.1956, ebda.).[1] 1924\/25 sind insgesamt drei Werke erschienen, und\u2026<\/p>\n<p> <a class=\"continue-reading-link\" href=\"http:\/\/verlagsgeschichte.murrayhall.com\/?page_id=571\"><span>Continue reading<\/span><i class=\"crycon-right-dir\"><\/i><\/a> <\/p>\n","protected":false},"author":2,"featured_media":0,"parent":149,"menu_order":0,"comment_status":"closed","ping_status":"closed","template":"","meta":{"footnotes":""},"class_list":["post-571","page","type-page","status-publish","hentry"],"_links":{"self":[{"href":"http:\/\/verlagsgeschichte.murrayhall.com\/index.php?rest_route=\/wp\/v2\/pages\/571","targetHints":{"allow":["GET"]}}],"collection":[{"href":"http:\/\/verlagsgeschichte.murrayhall.com\/index.php?rest_route=\/wp\/v2\/pages"}],"about":[{"href":"http:\/\/verlagsgeschichte.murrayhall.com\/index.php?rest_route=\/wp\/v2\/types\/page"}],"author":[{"embeddable":true,"href":"http:\/\/verlagsgeschichte.murrayhall.com\/index.php?rest_route=\/wp\/v2\/users\/2"}],"replies":[{"embeddable":true,"href":"http:\/\/verlagsgeschichte.murrayhall.com\/index.php?rest_route=%2Fwp%2Fv2%2Fcomments&post=571"}],"version-history":[{"count":6,"href":"http:\/\/verlagsgeschichte.murrayhall.com\/index.php?rest_route=\/wp\/v2\/pages\/571\/revisions"}],"predecessor-version":[{"id":2596,"href":"http:\/\/verlagsgeschichte.murrayhall.com\/index.php?rest_route=\/wp\/v2\/pages\/571\/revisions\/2596"}],"up":[{"embeddable":true,"href":"http:\/\/verlagsgeschichte.murrayhall.com\/index.php?rest_route=\/wp\/v2\/pages\/149"}],"wp:attachment":[{"href":"http:\/\/verlagsgeschichte.murrayhall.com\/index.php?rest_route=%2Fwp%2Fv2%2Fmedia&parent=571"}],"curies":[{"name":"wp","href":"https:\/\/api.w.org\/{rel}","templated":true}]}}