{"id":662,"date":"2015-09-16T09:04:28","date_gmt":"2015-09-16T07:04:28","guid":{"rendered":"http:\/\/verlagsgeschichte.murrayhall.com\/?page_id=662"},"modified":"2015-12-20T15:43:26","modified_gmt":"2015-12-20T13:43:26","slug":"verlag-der-wille","status":"publish","type":"page","link":"http:\/\/verlagsgeschichte.murrayhall.com\/?page_id=662","title":{"rendered":"Verlag Der Wille"},"content":{"rendered":"<h3>Verlag Der Wille (Wien)<\/h3>\n<h6><\/h6>\n<p><a href=\"http:\/\/verlagsgeschichte.murrayhall.com\/wp-content\/uploads\/2015\/09\/Der-Wille.jpg\"><img loading=\"lazy\" decoding=\"async\" class=\"alignleft wp-image-664\" src=\"http:\/\/verlagsgeschichte.murrayhall.com\/wp-content\/uploads\/2015\/09\/Der-Wille-300x300.jpg\" alt=\"Der Wille\" width=\"150\" height=\"150\" srcset=\"http:\/\/verlagsgeschichte.murrayhall.com\/wp-content\/uploads\/2015\/09\/Der-Wille-300x300.jpg 300w, http:\/\/verlagsgeschichte.murrayhall.com\/wp-content\/uploads\/2015\/09\/Der-Wille-150x150.jpg 150w, http:\/\/verlagsgeschichte.murrayhall.com\/wp-content\/uploads\/2015\/09\/Der-Wille.jpg 467w\" sizes=\"auto, (max-width: 150px) 100vw, 150px\" \/><\/a>Dieser Einmannverlag, der in Wien von 1931 bis 1935 existierte, war eine Sch\u00f6pfung des deutschen Schriftstellers Walter Schr\u00f6der. Schr\u00f6der, der am 25.4.1905 in Hamburg geboren wurde und am 18.9.1974 in Frankfurt\/Main starb, hat sein kleines Unternehmen mit einer Ausnahme als Selbstverlag gef\u00fchrt. Weitere Details \u00fcber diesen nicht protokollierten und offensichtlich auch nicht inkorporierten Verlag sind nicht bekannt. Bekannt ist lediglich, da\u00df die Verlagsadresse 1931 Wien VII., Burggasse 100 war und da\u00df hinter der letzten Adresse 1935 (VIII., Piaristengasse 56) sich eine Druckerei verbarg.<\/p>\n<p>Die allererste Publikation des &#8222;Verlags Der Wille&#8220; d\u00fcrfte der 35seitige Typoskriptdruck der Heinrich Mann-Novelle <em>Der Freund <\/em>gewesen sein. Im selben Jahr erschienen noch Schr\u00f6ders Monographie <em>Heinrich Mann. Bildnis eines Meisters <\/em>(300 S.), und seine Novelle <em>Der Tod des Meisters <\/em>(106 S.). 1932 folgte Schr\u00f6ders nach 1933 im Deutschen Reich verbotenes Buch <em>Der N\u00fcrnberger Trichter. Roman der deutschen Schule <\/em>(348 S.)<a href=\"#_ftn1\" name=\"_ftnref1\"><span class=\"Reference\">[1]<\/span><\/a>, 1933 <em>Das entzauberte Wien. Novellenkreis <\/em>(223 S.) &#8211; unsentimentale Zeitstudien \u00fcber das &#8222;goldene Wiener Herz&#8220;. Schr\u00f6ders letzter erschienener Eigendruck kam 1935 im Verlag Der Wille heraus. Es ist dies der musikalische Novellenkreis <em>Das Dreigestirn\/ <\/em>Novellen um die Gro\u00dfmeister der roman(t)ischen Oper: Rossini. &#8222;Das Genie der Faulheit&#8220;, den &#8222;Bauern&#8220; Verdi und den sterbenden Puccini\/ Mit einem Brief D&#8217;Alberts als Geleitwort (229 S.). Drei weitere Werke Schr\u00f6ders, die 1932 angek\u00fcndigt wurden, erschienen letztlich nicht.<a href=\"#_ftn2\" name=\"_ftnref2\"><span class=\"Reference\">[2]<\/span><\/a><\/p>\n<p>Es kann allerdings mit Recht bezweifelt werden, da\u00df mehr als sechs Werke im Verlag Der Wille, Wien, herausgebracht wurden.<\/p>\n<h3><a class=\"none\" name=\"Heading1\"><\/a> Anmerkungen<\/h3>\n<p class=\"Note\"><a href=\"#_ftnref1\" target=\"text\" name=\"_ftn1\">[1]<\/a> Einband\/Umschlag: Arthur Cerveny.<\/p>\n<p class=\"Note\"><a href=\"#_ftnref2\" target=\"text\" name=\"_ftn2\">[2]<\/a> Es sind dies laut Anzeige im Schr\u00f6der-Werk <em>Der N\u00fcrnberger Trichter<\/em>: Der Untergang des Christ. Grabbe. Tragisches Spiel; H\u00f6llensturz. Mysterium; Das Opfer. Trag\u00f6die. Das Bibliographieren dieser Verlagswerke wird dadurch erschwert, da\u00df sehr h\u00e4ufig weder die Deutsche B\u00fccherei noch das <em>DBV <\/em>von Werken in (ausl\u00e4ndischen) Kleinstverlagen Kenntnis nahmen und keine Belegexemplare zugeschickt bekamen.<\/p>\n","protected":false},"excerpt":{"rendered":"<p>Verlag Der Wille (Wien) Dieser Einmannverlag, der in Wien von 1931 bis 1935 existierte, war eine Sch\u00f6pfung des deutschen Schriftstellers Walter Schr\u00f6der. Schr\u00f6der, der am 25.4.1905 in Hamburg geboren wurde und am 18.9.1974 in Frankfurt\/Main starb, hat sein kleines Unternehmen mit einer Ausnahme als Selbstverlag gef\u00fchrt. Weitere Details \u00fcber diesen\u2026<\/p>\n<p> <a class=\"continue-reading-link\" href=\"http:\/\/verlagsgeschichte.murrayhall.com\/?page_id=662\"><span>Continue reading<\/span><i class=\"crycon-right-dir\"><\/i><\/a> <\/p>\n","protected":false},"author":2,"featured_media":0,"parent":149,"menu_order":0,"comment_status":"closed","ping_status":"closed","template":"","meta":{"footnotes":""},"class_list":["post-662","page","type-page","status-publish","hentry"],"_links":{"self":[{"href":"http:\/\/verlagsgeschichte.murrayhall.com\/index.php?rest_route=\/wp\/v2\/pages\/662","targetHints":{"allow":["GET"]}}],"collection":[{"href":"http:\/\/verlagsgeschichte.murrayhall.com\/index.php?rest_route=\/wp\/v2\/pages"}],"about":[{"href":"http:\/\/verlagsgeschichte.murrayhall.com\/index.php?rest_route=\/wp\/v2\/types\/page"}],"author":[{"embeddable":true,"href":"http:\/\/verlagsgeschichte.murrayhall.com\/index.php?rest_route=\/wp\/v2\/users\/2"}],"replies":[{"embeddable":true,"href":"http:\/\/verlagsgeschichte.murrayhall.com\/index.php?rest_route=%2Fwp%2Fv2%2Fcomments&post=662"}],"version-history":[{"count":6,"href":"http:\/\/verlagsgeschichte.murrayhall.com\/index.php?rest_route=\/wp\/v2\/pages\/662\/revisions"}],"predecessor-version":[{"id":1610,"href":"http:\/\/verlagsgeschichte.murrayhall.com\/index.php?rest_route=\/wp\/v2\/pages\/662\/revisions\/1610"}],"up":[{"embeddable":true,"href":"http:\/\/verlagsgeschichte.murrayhall.com\/index.php?rest_route=\/wp\/v2\/pages\/149"}],"wp:attachment":[{"href":"http:\/\/verlagsgeschichte.murrayhall.com\/index.php?rest_route=%2Fwp%2Fv2%2Fmedia&parent=662"}],"curies":[{"name":"wp","href":"https:\/\/api.w.org\/{rel}","templated":true}]}}