{"id":1141,"date":"2015-10-08T07:19:54","date_gmt":"2015-10-08T05:19:54","guid":{"rendered":"http:\/\/verlagsgeschichte.murrayhall.com\/?page_id=1141"},"modified":"2019-06-04T16:49:31","modified_gmt":"2019-06-04T14:49:31","slug":"home","status":"publish","type":"page","link":"https:\/\/verlagsgeschichte.murrayhall.com\/","title":{"rendered":"Home"},"content":{"rendered":"<h1>Willkommen auf\u00a0der \u00d6VG<\/h1>\n<h6><\/h6>\n<p>Hier k\u00f6nnen Sie Informationen zur Geschichte des Buchhandels und Verlagswesens sowie zu den handelnden Personen in \u00d6sterreich in der Zwischenkriegszeit holen. Mit der Volltextsuche kommen Sie sofort zu den gesuchten Begriffen, die wiederum in den Snippets markiert sind. Der Originaltext aus der zweib\u00e4ndigen Buchver\u00f6ffentlichung im Jahre 1985 ist unver\u00e4ndert geblieben, aber es wird am Schluss eines Abschnittes \u00fcber einen Verlag allf\u00e4llige neuere Literatur sowie bekanntgewordene Lebensdaten sukzessiv angef\u00fchrt werden. Neben der M\u00f6glichkeit, die einzelnen Verlagssignets separat zu betrachten, sind die in der Buchver\u00f6ffentlichung abgebildeten Firmenlogos nun auch in den einzelnen Abschnitten zu finden. Die Firmengeschichten werden insofern eine Erg\u00e4nzung erfahren, als weiteres Illustrationsmaterial, das in die Buchversion nicht aufgenommen werden konnte bzw. seit der Ver\u00f6ffentlichung aufgefunden wurde, eingef\u00fcgt wird.<\/p>\n<p>&nbsp;<\/p>\n\n\t\t<style type=\"text\/css\">\n\t\t\t#gallery-2 {\n\t\t\t\tmargin: auto;\n\t\t\t}\n\t\t\t#gallery-2 .gallery-item {\n\t\t\t\tfloat: left;\n\t\t\t\tmargin-top: 10px;\n\t\t\t\ttext-align: center;\n\t\t\t\twidth: 33%;\n\t\t\t}\n\t\t\t#gallery-2 img {\n\t\t\t\tborder: 2px solid #cfcfcf;\n\t\t\t}\n\t\t\t#gallery-2 .gallery-caption {\n\t\t\t\tmargin-left: 0;\n\t\t\t}\n\t\t\t\/* see gallery_shortcode() in wp-includes\/media.php *\/\n\t\t<\/style>\n\t\t<div id='gallery-2' class='gallery galleryid-1141 gallery-columns-3 gallery-size-large'><dl class='gallery-item'>\n\t\t\t<dt class='gallery-icon portrait'>\n\t\t\t\t<a href=\"http:\/\/verlagsgeschichte.murrayhall.com\/?page_id=26\" class=\"no-lightbox\"><img loading=\"lazy\" decoding=\"async\" width=\"194\" height=\"300\" src=\"https:\/\/verlagsgeschichte.murrayhall.com\/wp-content\/uploads\/2015\/09\/Cover-Band-1-663x1024.jpg\" class=\"attachment-large size-large\" alt=\"\" aria-describedby=\"gallery-2-777\" srcset=\"https:\/\/verlagsgeschichte.murrayhall.com\/wp-content\/uploads\/2015\/09\/Cover-Band-1-663x1024.jpg 663w, https:\/\/verlagsgeschichte.murrayhall.com\/wp-content\/uploads\/2015\/09\/Cover-Band-1-194x300.jpg 194w, https:\/\/verlagsgeschichte.murrayhall.com\/wp-content\/uploads\/2015\/09\/Cover-Band-1-97x150.jpg 97w, https:\/\/verlagsgeschichte.murrayhall.com\/wp-content\/uploads\/2015\/09\/Cover-Band-1.jpg 1769w\" sizes=\"auto, (max-width: 194px) 100vw, 194px\" \/><\/a>\n\t\t\t<\/dt>\n\t\t\t\t<dd class='wp-caption-text gallery-caption' id='gallery-2-777'>\n\t\t\t\tBand 1\n\t\t\t\t<\/dd><\/dl><dl class='gallery-item'>\n\t\t\t<dt class='gallery-icon portrait'>\n\t\t\t\t<a href=\"http:\/\/verlagsgeschichte.murrayhall.com\/?page_id=749\" class=\"no-lightbox\"><img loading=\"lazy\" decoding=\"async\" width=\"294\" height=\"300\" src=\"https:\/\/verlagsgeschichte.murrayhall.com\/wp-content\/uploads\/2015\/09\/Nestroy-Verlag.jpg\" class=\"attachment-large size-large\" alt=\"\" aria-describedby=\"gallery-2-1407\" srcset=\"https:\/\/verlagsgeschichte.murrayhall.com\/wp-content\/uploads\/2015\/09\/Nestroy-Verlag.jpg 624w, https:\/\/verlagsgeschichte.murrayhall.com\/wp-content\/uploads\/2015\/09\/Nestroy-Verlag-294x300.jpg 294w, https:\/\/verlagsgeschichte.murrayhall.com\/wp-content\/uploads\/2015\/09\/Nestroy-Verlag-147x150.jpg 147w\" sizes=\"auto, (max-width: 294px) 100vw, 294px\" \/><\/a>\n\t\t\t<\/dt>\n\t\t\t\t<dd class='wp-caption-text gallery-caption' id='gallery-2-1407'>\n\t\t\t\tVerlagssignets\n\t\t\t\t<\/dd><\/dl><dl class='gallery-item'>\n\t\t\t<dt class='gallery-icon portrait'>\n\t\t\t\t<a href=\"http:\/\/verlagsgeschichte.murrayhall.com\/?page_id=149\" class=\"no-lightbox\"><img loading=\"lazy\" decoding=\"async\" width=\"197\" height=\"300\" src=\"https:\/\/verlagsgeschichte.murrayhall.com\/wp-content\/uploads\/2015\/09\/Cover-Band-2-2-671x1024.jpg\" class=\"attachment-large size-large\" alt=\"\" aria-describedby=\"gallery-2-778\" srcset=\"https:\/\/verlagsgeschichte.murrayhall.com\/wp-content\/uploads\/2015\/09\/Cover-Band-2-2-671x1024.jpg 671w, https:\/\/verlagsgeschichte.murrayhall.com\/wp-content\/uploads\/2015\/09\/Cover-Band-2-2-197x300.jpg 197w, https:\/\/verlagsgeschichte.murrayhall.com\/wp-content\/uploads\/2015\/09\/Cover-Band-2-2-98x150.jpg 98w, https:\/\/verlagsgeschichte.murrayhall.com\/wp-content\/uploads\/2015\/09\/Cover-Band-2-2.jpg 1752w\" sizes=\"auto, (max-width: 197px) 100vw, 197px\" \/><\/a>\n\t\t\t<\/dt>\n\t\t\t\t<dd class='wp-caption-text gallery-caption' id='gallery-2-778'>\n\t\t\t\tBand 2\n\t\t\t\t<\/dd><\/dl><br style=\"clear: both\" \/>\n\t\t<\/div>\n\n<p>R\u00fcckblickend \u2013 es sind nunmehr drei\u00dfig Jahre, seitdem meine zweib\u00e4ndige Verlagsgeschichte im Wiener B\u00f6hlau Verlag erschien, war der Zeitpunkt nicht g\u00fcnstig. Stichwort \u201eVergangenheitsbew\u00e4ltigung\u201c. Es waren zwar vierzig Jahre seit dem Ende des Zweiten Weltkriegs vergangen, aber \u00d6sterreich hatte noch die Aff\u00e4re um die Pr\u00e4sidentschaftskandidatur von Kurt Waldheim, die das Land polarisierte, sowie das Be- und Gedenkjahr 1988 vor sich. Zehn Jahre danach hat die Koalitionsregierung, bestehend aus der \u00d6sterreichischen Volkspartei und den Sozialdemokraten, eine Historikerkommission eingesetzt, die die Aufgabe hatte, die NS-Zeit systematisch zu erforschen. Im Unterschied zum Jahre 1985 waren auf einmal die vielen Themen nicht mehr tabuisiert, und ein \u00f6ffentlicher Widerstand gegen die Arbeit der Historikerkommission war nicht zu vernehmen. Es war auch eine andere (Politiker-) Generation herangewachsen. Und man muss auch hinzuf\u00fcgen, dass der Druck aus dem Ausland eine signifikante Rolle spielte. 1985 war es anders. Manche Buchhandels- und Verlagsfirmen wollten ihre eigene Geschichte nicht vorgesetzt bekommen. So wurden sowohl ich als auch der Verlag von verschiedener Seite Druck ausgesetzt. Das ging in meinem Fall bis in die berufliche und finanzielle Existenz hinein. Es gab nicht nur Klagedrohungen, sondern auch gerichtliche Klagen.<\/p>\n<p>Ich gehe davon aus, dass jetzt, wo die Berichte der \u00d6sterreichischen Historikerkommission vorliegen, auch die \u00f6sterreichische Justiz eine andere Auffassung des Unrechts im NS-Staat hat. Damalige Zeitgenossen, die vorgaben, die eigene Firmenehre zu sch\u00fctzen, wollten nicht nachlesen m\u00fcssen, wof\u00fcr ein Buchh\u00e4ndler nach dem Zweiten Weltkrieg tats\u00e4chlich eine Haftstrafe verb\u00fc\u00dfen musste, wie eine Firma in den Nationalsozialismus verstrickt war, welches judenfeindliche und antidemokratische Programm den Verlag auszeichnete, oder welches Unrecht sie bei der \u201eArisierung\u201c einer j\u00fcdischen Buchhandelsfirma begangen hatten. Bis zum Erscheinen der Verlagsgeschichte 1985 hatte es von Seiten der Standesvertretung \u2013 und man kann ruhig behaupten: seit dem Tod von Carl Junker im Jahre 1927 \u2013 keinerlei Anstrengungen gegeben, die Branchengeschichte des 20. Jahrhunderts aufzuarbeiten. Im Gegenteil, und im Gegensatz zur politischen Geschichte der NS-Zeit musste ich die Erfahrung machen, dass diese Geschichte einfach nicht stattgefunden hat. Die Zeit zwischen dem 12. M\u00e4rz 1938 und dem Ende der Kampfhandlungen des Zweiten Weltkriegs sowie der kurzen Phase der Entnazifizierung war lange Zeit buchst\u00e4blich nicht einmal eine Zeile wert. Als das Buch auf den Markt kam, hielt sich der heimische Buchhandel merklich zur\u00fcck.<\/p>\n<p>Die Verlagsgeschichte 1918-1938 kann als eine der ersten Arbeiten gelten, die systematisch konkrete Beispiele aus dem Bereich \u201eBuchhandlungen\u201c und \u201eVerlage\u201c anhand des Archivmaterials der Verm\u00f6gensverkehrsstelle beschrieb. Das hat seinerzeit meinen \u201eFreundeskreis\u201c nicht nur vermehrt. Ganz im Gegenteil: sie hat auch eine \u00dcberempfindlichkeit und Uneinsichtigkeit von Seiten jener hervorgerufen, die kein Unrechtsbewusstsein ihr eigen nennen k\u00f6nnen. Die Diskussion um die Verlagsgeschichte zeitigte aber auch Positives: Im Jahr 1988 hat der Hauptverband des \u00f6sterreichischen Buchhandels an dem Haus in der Seilergasse im Ersten Wiener Gemeindebezirk, wo einst die ber\u00fchmte Buchhandlung Moritz Perles war, eine Gedenktafel angebracht, und zwar zur Erinnerung an die vielen j\u00fcdischen Buchh\u00e4ndler und Verleger in \u00d6sterreich, die durch die NS-Herrschaft ihr Leben und ihre Existenz verloren.<\/p>\n<p>Nach einer l\u00e4ngeren Pause (als der Textkorpus offline war) und zahlreichen Anfragen von potentiellen NutzerInnen freue ich mich, dass meine zweib\u00e4ndige \u00d6sterreichische Verlagsgeschichte 1918\u20131938 nun wieder im Netz allgemein zug\u00e4nglich ist. F\u00fcr die Anregung, einen neuen Anlauf zu nehmen und f\u00fcr die technische Umsetzung des digitalen Texts m\u00f6chte ich Frau Dr. Katharina Bergmann-Pfleger meinen gro\u00dfen Dank aussprechen. Es ist ihr zu verdanken, dass die Gestaltung \u201eentstaubt\u201c worden und der Text lesbarer und \u00fcbersichtlicher geworden ist.<\/p>\n<p>Dr. Murray G. Hall<\/p>\n<p>Wien, im J\u00e4nner 2016<\/p>\n","protected":false},"excerpt":{"rendered":"<p>Willkommen auf\u00a0der \u00d6VG Hier k\u00f6nnen Sie Informationen zur Geschichte des Buchhandels und Verlagswesens sowie zu den handelnden Personen in \u00d6sterreich in der Zwischenkriegszeit holen. Mit der Volltextsuche kommen Sie sofort zu den gesuchten Begriffen, die wiederum in den Snippets markiert sind. Der Originaltext aus der zweib\u00e4ndigen Buchver\u00f6ffentlichung im Jahre 1985\u2026<\/p>\n<p> <a class=\"continue-reading-link\" href=\"https:\/\/verlagsgeschichte.murrayhall.com\/\"><span>Continue reading<\/span><i class=\"crycon-right-dir\"><\/i><\/a> <\/p>\n","protected":false},"author":2,"featured_media":0,"parent":0,"menu_order":0,"comment_status":"closed","ping_status":"closed","template":"","meta":{"footnotes":""},"class_list":["post-1141","page","type-page","status-publish","hentry"],"_links":{"self":[{"href":"https:\/\/verlagsgeschichte.murrayhall.com\/index.php?rest_route=\/wp\/v2\/pages\/1141","targetHints":{"allow":["GET"]}}],"collection":[{"href":"https:\/\/verlagsgeschichte.murrayhall.com\/index.php?rest_route=\/wp\/v2\/pages"}],"about":[{"href":"https:\/\/verlagsgeschichte.murrayhall.com\/index.php?rest_route=\/wp\/v2\/types\/page"}],"author":[{"embeddable":true,"href":"https:\/\/verlagsgeschichte.murrayhall.com\/index.php?rest_route=\/wp\/v2\/users\/2"}],"replies":[{"embeddable":true,"href":"https:\/\/verlagsgeschichte.murrayhall.com\/index.php?rest_route=%2Fwp%2Fv2%2Fcomments&post=1141"}],"version-history":[{"count":23,"href":"https:\/\/verlagsgeschichte.murrayhall.com\/index.php?rest_route=\/wp\/v2\/pages\/1141\/revisions"}],"predecessor-version":[{"id":2762,"href":"https:\/\/verlagsgeschichte.murrayhall.com\/index.php?rest_route=\/wp\/v2\/pages\/1141\/revisions\/2762"}],"wp:attachment":[{"href":"https:\/\/verlagsgeschichte.murrayhall.com\/index.php?rest_route=%2Fwp%2Fv2%2Fmedia&parent=1141"}],"curies":[{"name":"wp","href":"https:\/\/api.w.org\/{rel}","templated":true}]}}